{"id":92,"date":"2021-03-06T16:20:50","date_gmt":"2021-03-06T16:20:50","guid":{"rendered":"http:\/\/xn--laufglck-c6a.de\/?page_id=92"},"modified":"2021-03-06T16:20:50","modified_gmt":"2021-03-06T16:20:50","slug":"impressum","status":"publish","type":"page","link":"https:\/\/xn--laufglck-c6a.de\/?page_id=92","title":{"rendered":"Impressum"},"content":{"rendered":"\n<h1>Impressum<\/h1>\n\n\n\n<p>Prof.*in Dr. Sabine Mertel<br>Henry-Dunant-Str. 9<br>31141 Hildesheim<br>Telefon: 05561 6979898<br>E-Mail: lothar.meyer@zettelburg.de<\/p>\n\n\n\n<p>Verantwortlich f\u00fcr den Inhalt (gem. \u00a7 55 Abs. 2 RStV):<br>Prof.*in Dr. Sabine Mertel<br>Henry-Dunant-Str. 9<br>31141 Hildesheim<\/p>\n\n\n\n<p><strong>Hinweis gem\u00e4\u00df Online-Streitbeilegungs-Verordnung<\/strong><br>Nach geltendem Recht sind wir verpflichtet, Verbraucher auf die Existenz der Europ\u00e4ischen<br>Online-Streitbeilegungs-Plattform hinzuweisen, die f\u00fcr die Beilegung von Streitigkeiten genutzt werden kann, ohne dass ein Gericht eingeschaltet werden muss. F\u00fcr die Einrichtung der Plattform ist die Europ\u00e4ische Kommission zust\u00e4ndig. Die Europ\u00e4ische Online-Streitbeilegungs-Plattform ist hier zu finden:<br>http:\/\/ec.europa.eu\/odr.<\/p>\n\n\n\n<p>Unsere E-Mail lautet: lothar.meyer@zettelburg.de<br>Wir weisen aber darauf hin, dass wir nicht bereit sind, uns am Streitbeilegungsverfahren im Rahmen der Europ\u00e4ischen Online-Streitbeilegungs-Plattform zu beteiligen. Nutzen Sie zur Kontaktaufnahme bitte unsere obige E-Mail und Telefonnummer.<\/p>\n\n\n\n<p><strong>Disclaimer \u2013 rechtliche Hinweise<\/strong><br>\u00a7 1 Warnhinweis zu Inhalten<br>Die kostenlosen und frei zug\u00e4nglichen Inhalte dieser Webseite wurden mit gr\u00f6\u00dftm\u00f6glicher Sorgfalt erstellt. Der Anbieter dieser Webseite \u00fcbernimmt jedoch keine Gew\u00e4hr f\u00fcr die Richtigkeit und Aktualit\u00e4t der bereitgestellten kostenlosen und frei zug\u00e4nglichen journalistischen Ratgeber und Nachrichten. Namentlich gekennzeichnete Beitr\u00e4ge geben die Meinung des jeweiligen Autors und nicht immer die Meinung des Anbieters wieder. Allein durch den Aufruf der kostenlosen und frei zug\u00e4nglichen Inhalte kommt keinerlei<br>Vertragsverh\u00e4ltnis zwischen dem Nutzer und dem Anbieter zustande, insoweit fehlt es am<br>Rechtsbindungswillen des Anbieters.<\/p>\n\n\n\n<p><br><strong>\u00a7 2 Externe Links<\/strong><br>Diese Website enth\u00e4lt Verkn\u00fcpfungen zu Websites Dritter (\u201eexterne Links\u201c). Diese Websites unterliegen der Haftung der jeweiligen Betreiber. Der Anbieter hat bei der erstmaligen Verkn\u00fcpfung der externen Links die fremden Inhalte daraufhin \u00fcberpr\u00fcft, ob etwaige Rechtsverst\u00f6\u00dfe bestehen. Zu dem Zeitpunkt waren keine Rechtsverst\u00f6\u00dfe ersichtlich. Der Anbieter hat keinerlei Einfluss auf die aktuelle und zuk\u00fcnftige Gestaltung<br>und auf die Inhalte der verkn\u00fcpften Seiten. Das Setzen von externen Links bedeutet nicht, dass sich der Anbieter die hinter dem Verweis oder Link liegenden Inhalte zu Eigen macht. Eine st\u00e4ndige Kontrolle der externen Links ist f\u00fcr den Anbieter ohne konkrete Hinweise auf Rechtsverst\u00f6\u00dfe nicht zumutbar. Bei Kenntnis von Rechtsverst\u00f6\u00dfen werden jedoch derartige externe Links unverz\u00fcglich gel\u00f6scht.<\/p>\n\n\n\n<p><br><strong>\u00a7 3 Urheber- und Leistungsschutzrechte<\/strong><br>Die auf dieser Website ver\u00f6ffentlichten Inhalte unterliegen dem deutschen Urheber- und<br>Leistungsschutzrecht. Jede vom deutschen Urheber- und Leistungsschutzrecht nicht zugelassene Verwertung bedarf der vorherigen schriftlichen Zustimmung des Anbieters oder jeweiligen Rechteinhabers. Dies gilt insbesondere f\u00fcr Vervielf\u00e4ltigung, Bearbeitung, \u00dcbersetzung, Einspeicherung, Verarbeitung bzw.<\/p>\n","protected":false},"excerpt":{"rendered":"<p>Impressum Prof.*in Dr. Sabine MertelHenry-Dunant-Str. 931141 HildesheimTelefon: 05561 6979898E-Mail: lothar.meyer@zettelburg.de Verantwortlich f\u00fcr den Inhalt (gem. \u00a7 55 Abs. 2 RStV):Prof.*in Dr. Sabine MertelHenry-Dunant-Str. 931141 Hildesheim Hinweis gem\u00e4\u00df Online-Streitbeilegungs-VerordnungNach geltendem Recht sind wir verpflichtet, Verbraucher auf die Existenz der Europ\u00e4ischenOnline-Streitbeilegungs-Plattform hinzuweisen, die f\u00fcr die Beilegung von Streitigkeiten genutzt werden kann, ohne dass ein Gericht eingeschaltet werden &hellip; <\/p>\n<p class=\"link-more\"><a href=\"https:\/\/xn--laufglck-c6a.de\/?page_id=92\" class=\"more-link\"><span class=\"screen-reader-text\">\u201eImpressum\u201c<\/span> weiterlesen<\/a><\/p>\n","protected":false},"author":1,"featured_media":0,"parent":0,"menu_order":0,"comment_status":"closed","ping_status":"closed","template":"","meta":[],"_links":{"self":[{"href":"https:\/\/xn--laufglck-c6a.de\/index.php?rest_route=\/wp\/v2\/pages\/92"}],"collection":[{"href":"https:\/\/xn--laufglck-c6a.de\/index.php?rest_route=\/wp\/v2\/pages"}],"about":[{"href":"https:\/\/xn--laufglck-c6a.de\/index.php?rest_route=\/wp\/v2\/types\/page"}],"author":[{"embeddable":true,"href":"https:\/\/xn--laufglck-c6a.de\/index.php?rest_route=\/wp\/v2\/users\/1"}],"replies":[{"embeddable":true,"href":"https:\/\/xn--laufglck-c6a.de\/index.php?rest_route=%2Fwp%2Fv2%2Fcomments&post=92"}],"version-history":[{"count":1,"href":"https:\/\/xn--laufglck-c6a.de\/index.php?rest_route=\/wp\/v2\/pages\/92\/revisions"}],"predecessor-version":[{"id":93,"href":"https:\/\/xn--laufglck-c6a.de\/index.php?rest_route=\/wp\/v2\/pages\/92\/revisions\/93"}],"wp:attachment":[{"href":"https:\/\/xn--laufglck-c6a.de\/index.php?rest_route=%2Fwp%2Fv2%2Fmedia&parent=92"}],"curies":[{"name":"wp","href":"https:\/\/api.w.org\/{rel}","templated":true}]}}